{"id":1015,"date":"2020-11-02T15:36:00","date_gmt":"2020-11-02T15:36:00","guid":{"rendered":"https:\/\/www.rotadoamanha.com\/?page_id=1015"},"modified":"2026-02-12T20:29:39","modified_gmt":"2026-02-12T20:29:39","slug":"quem-somos","status":"publish","type":"page","link":"https:\/\/www.rotadoamanha.com\/en\/quem-somos\/","title":{"rendered":"Who Are We"},"content":{"rendered":"<div class=\"wp-block-uagb-advanced-heading uagb-block-09135566\"><h2 class=\"uagb-heading-text\">Quem Somos? <\/h2><div class=\"uagb-separator\"><\/div><\/div>\n\n\n\n<div style=\"height:18px\" aria-hidden=\"true\" class=\"wp-block-spacer\"><\/div>\n\n\n\n<p>We were born and raised in the so-called Portuguese Venice. Aveiro it is called. Traveling has always been a hobby of ours and, when we first met, this was a key theme for our relationship to be established.&nbsp;<\/p>\n\n\n\n<p>In one of the many conversations we have had about the countries we visited, we asked ourselves about Portugal. Thus, a great and extensive debate started on the visited places and the places to be visited.<\/p>\n\n\n\n<p>Elvas was the first destination mentioned. Largest fortified city in Europe, here in Portugal. Then we talked about Monsanto, the most Portuguese village in Portugal. The conversation continued and passed through so many other places so well known and, at the same time, so unknown to us.&nbsp;<\/p>\n\n\n\n<p>Then we talked about Pi\u00f3d\u00e3o, here in the neighboring district. Let's go there? Let's go. And so we went. And we never stopped.&nbsp;<\/p>\n\n\n\n<p>The initial objective was to get to know the 7 Wonder Villages of Portugal. Then we extended it to the finalists. Now the list of destinations we want to visit in our country is already too long to be described head on.&nbsp;<\/p>\n\n\n\n<p>The Rota do Amanh\u00e3 was created to remind us of the wonderful places we visited and, at the same time, to show how much this country still has to see. It's our little place. And we hope you like him as much as we do.&nbsp;<\/p>\n\n\n\n<div class=\"wp-block-uagb-image aligncenter uagb-block-4efeb666 wp-block-uagb-image--layout-default wp-block-uagb-image--effect-grayscale wp-block-uagb-image--align-center\"><figure class=\"wp-block-uagb-image__figure\"><img decoding=\"async\" srcset=\"https:\/\/www.rotadoamanha.com\/wp-content\/uploads\/2026\/02\/Untitled-design-1024x576.png ,https:\/\/www.rotadoamanha.com\/wp-content\/uploads\/2026\/02\/Untitled-design.png 780w, https:\/\/www.rotadoamanha.com\/wp-content\/uploads\/2026\/02\/Untitled-design.png 360w\" sizes=\"auto, (max-width: 480px) 150px\" src=\"https:\/\/www.rotadoamanha.com\/wp-content\/uploads\/2026\/02\/Untitled-design-1024x576.png\" alt=\"\" class=\"uag-image-9069\" width=\"1024\" height=\"576\" title=\"Untitled design\" loading=\"lazy\" role=\"img\"\/><\/figure><\/div>\n\n\n\n<div style=\"height:51px\" aria-hidden=\"true\" class=\"wp-block-spacer\"><\/div>\n\n\n\n<ul class=\"wp-block-social-links aligncenter has-icon-color has-icon-background-color is-style-pill-shape is-content-justification-center is-layout-flex wp-container-core-social-links-is-layout-a89b3969 wp-block-social-links-is-layout-flex\"><li style=\"color:var(--ast-global-color-5);background-color:var(--ast-global-color-8);\" class=\"wp-social-link wp-social-link-facebook has-ast-global-color-5-color has-ast-global-color-8-background-color wp-block-social-link\"><a href=\"http:\/\/facebook.com\/rotadoamanha\" class=\"wp-block-social-link-anchor\"><svg width=\"24\" height=\"24\" viewbox=\"0 0 24 24\" version=\"1.1\" xmlns=\"http:\/\/www.w3.org\/2000\/svg\" aria-hidden=\"true\" focusable=\"false\"><path d=\"M12 2C6.5 2 2 6.5 2 12c0 5 3.7 9.1 8.4 9.9v-7H7.9V12h2.5V9.8c0-2.5 1.5-3.9 3.8-3.9 1.1 0 2.2.2 2.2.2v2.5h-1.3c-1.2 0-1.6.8-1.6 1.6V12h2.8l-.4 2.9h-2.3v7C18.3 21.1 22 17 22 12c0-5.5-4.5-10-10-10z\"><\/path><\/svg><span class=\"wp-block-social-link-label screen-reader-text\">Facebook<\/span><\/a><\/li>\n\n<li style=\"color:var(--ast-global-color-5);background-color:var(--ast-global-color-8);\" class=\"wp-social-link wp-social-link-instagram has-ast-global-color-5-color has-ast-global-color-8-background-color wp-block-social-link\"><a href=\"http:\/\/instagram.com\/rotadoamanha\" class=\"wp-block-social-link-anchor\"><svg width=\"24\" height=\"24\" viewbox=\"0 0 24 24\" version=\"1.1\" xmlns=\"http:\/\/www.w3.org\/2000\/svg\" aria-hidden=\"true\" focusable=\"false\"><path d=\"M12,4.622c2.403,0,2.688,0.009,3.637,0.052c0.877,0.04,1.354,0.187,1.671,0.31c0.42,0.163,0.72,0.358,1.035,0.673 c0.315,0.315,0.51,0.615,0.673,1.035c0.123,0.317,0.27,0.794,0.31,1.671c0.043,0.949,0.052,1.234,0.052,3.637 s-0.009,2.688-0.052,3.637c-0.04,0.877-0.187,1.354-0.31,1.671c-0.163,0.42-0.358,0.72-0.673,1.035 c-0.315,0.315-0.615,0.51-1.035,0.673c-0.317,0.123-0.794,0.27-1.671,0.31c-0.949,0.043-1.233,0.052-3.637,0.052 s-2.688-0.009-3.637-0.052c-0.877-0.04-1.354-0.187-1.671-0.31c-0.42-0.163-0.72-0.358-1.035-0.673 c-0.315-0.315-0.51-0.615-0.673-1.035c-0.123-0.317-0.27-0.794-0.31-1.671C4.631,14.688,4.622,14.403,4.622,12 s0.009-2.688,0.052-3.637c0.04-0.877,0.187-1.354,0.31-1.671c0.163-0.42,0.358-0.72,0.673-1.035 c0.315-0.315,0.615-0.51,1.035-0.673c0.317-0.123,0.794-0.27,1.671-0.31C9.312,4.631,9.597,4.622,12,4.622 M12,3 C9.556,3,9.249,3.01,8.289,3.054C7.331,3.098,6.677,3.25,6.105,3.472C5.513,3.702,5.011,4.01,4.511,4.511 c-0.5,0.5-0.808,1.002-1.038,1.594C3.25,6.677,3.098,7.331,3.054,8.289C3.01,9.249,3,9.556,3,12c0,2.444,0.01,2.751,0.054,3.711 c0.044,0.958,0.196,1.612,0.418,2.185c0.23,0.592,0.538,1.094,1.038,1.594c0.5,0.5,1.002,0.808,1.594,1.038 c0.572,0.222,1.227,0.375,2.185,0.418C9.249,20.99,9.556,21,12,21s2.751-0.01,3.711-0.054c0.958-0.044,1.612-0.196,2.185-0.418 c0.592-0.23,1.094-0.538,1.594-1.038c0.5-0.5,0.808-1.002,1.038-1.594c0.222-0.572,0.375-1.227,0.418-2.185 C20.99,14.751,21,14.444,21,12s-0.01-2.751-0.054-3.711c-0.044-0.958-0.196-1.612-0.418-2.185c-0.23-0.592-0.538-1.094-1.038-1.594 c-0.5-0.5-1.002-0.808-1.594-1.038c-0.572-0.222-1.227-0.375-2.185-0.418C14.751,3.01,14.444,3,12,3L12,3z M12,7.378 c-2.552,0-4.622,2.069-4.622,4.622S9.448,16.622,12,16.622s4.622-2.069,4.622-4.622S14.552,7.378,12,7.378z M12,15 c-1.657,0-3-1.343-3-3s1.343-3,3-3s3,1.343,3,3S13.657,15,12,15z M16.804,6.116c-0.596,0-1.08,0.484-1.08,1.08 s0.484,1.08,1.08,1.08c0.596,0,1.08-0.484,1.08-1.08S17.401,6.116,16.804,6.116z\"><\/path><\/svg><span class=\"wp-block-social-link-label screen-reader-text\">Instagram<\/span><\/a><\/li><\/ul>\n\n\n\n<p><br><ins style=\"display: block;\" data-ad-client=\"ca-pub-4062967657049718\" data-ad-slot=\"8857927712\" data-ad-format=\"auto\" data-full-width-responsive=\"true\"><\/ins><\/p>\n\n\n\n<p><\/p>","protected":false},"excerpt":{"rendered":"<p>Quem Somos? Nascemos e crescemos na chamada de Veneza Portuguesa. Aveiro de seu nome. Viajar sempre foi um hobby nosso e, quando nos conhecemos, essa foi uma tem\u00e1tica chave para que a nossa rela\u00e7\u00e3o se viesse a estabelecer.&nbsp; Em uma das muitas conversas que j\u00e1 tivemos sobre os pa\u00edses que visit\u00e1mos, question\u00e1mo-nos sobre Portugal. Assim, [&hellip;]<\/p>\n","protected":false},"author":1,"featured_media":0,"parent":0,"menu_order":0,"comment_status":"closed","ping_status":"closed","template":"","meta":{"_uag_custom_page_level_css":"","site-sidebar-layout":"default","site-content-layout":"page-builder","ast-site-content-layout":"default","site-content-style":"default","site-sidebar-style":"unboxed","ast-global-header-display":"","ast-banner-title-visibility":"","ast-main-header-display":"","ast-hfb-above-header-display":"","ast-hfb-below-header-display":"","ast-hfb-mobile-header-display":"","site-post-title":"disabled","ast-breadcrumbs-content":"","ast-featured-img":"disabled","footer-sml-layout":"","ast-disable-related-posts":"","theme-transparent-header-meta":"default","adv-header-id-meta":"","stick-header-meta":"","header-above-stick-meta":"","header-main-stick-meta":"","header-below-stick-meta":"","astra-migrate-meta-layouts":"set","ast-page-background-enabled":"default","ast-page-background-meta":{"desktop":{"background-color":"","background-image":"","background-repeat":"repeat","background-position":"center center","background-size":"auto","background-attachment":"scroll","background-type":"","background-media":"","overlay-type":"","overlay-color":"","overlay-opacity":"","overlay-gradient":""},"tablet":{"background-color":"","background-image":"","background-repeat":"repeat","background-position":"center center","background-size":"auto","background-attachment":"scroll","background-type":"","background-media":"","overlay-type":"","overlay-color":"","overlay-opacity":"","overlay-gradient":""},"mobile":{"background-color":"","background-image":"","background-repeat":"repeat","background-position":"center center","background-size":"auto","background-attachment":"scroll","background-type":"","background-media":"","overlay-type":"","overlay-color":"","overlay-opacity":"","overlay-gradient":""}},"ast-content-background-meta":{"desktop":{"background-color":"var(--ast-global-color-5)","background-image":"","background-repeat":"repeat","background-position":"center center","background-size":"auto","background-attachment":"scroll","background-type":"","background-media":"","overlay-type":"","overlay-color":"","overlay-opacity":"","overlay-gradient":""},"tablet":{"background-color":"var(--ast-global-color-5)","background-image":"","background-repeat":"repeat","background-position":"center center","background-size":"auto","background-attachment":"scroll","background-type":"","background-media":"","overlay-type":"","overlay-color":"","overlay-opacity":"","overlay-gradient":""},"mobile":{"background-color":"var(--ast-global-color-5)","background-image":"","background-repeat":"repeat","background-position":"center center","background-size":"auto","background-attachment":"scroll","background-type":"","background-media":"","overlay-type":"","overlay-color":"","overlay-opacity":"","overlay-gradient":""}},"footnotes":""},"class_list":["post-1015","page","type-page","status-publish","hentry"],"aioseo_notices":[],"uagb_featured_image_src":{"full":false,"thumbnail":false,"medium":false,"medium_large":false,"large":false,"1536x1536":false,"2048x2048":false,"trp-custom-language-flag":false},"uagb_author_info":{"display_name":"Rota do Amanh\u00e3","author_link":"https:\/\/www.rotadoamanha.com\/en\/author\/fabioferreira009\/"},"uagb_comment_info":0,"uagb_excerpt":"Quem Somos? Nascemos e crescemos na chamada de Veneza Portuguesa. Aveiro de seu nome. Viajar sempre foi um hobby nosso e, quando nos conhecemos, essa foi uma tem\u00e1tica chave para que a nossa rela\u00e7\u00e3o se viesse a estabelecer.&nbsp; Em uma das muitas conversas que j\u00e1 tivemos sobre os pa\u00edses que visit\u00e1mos, question\u00e1mo-nos sobre Portugal. Assim,&hellip;","_links":{"self":[{"href":"https:\/\/www.rotadoamanha.com\/en\/wp-json\/wp\/v2\/pages\/1015","targetHints":{"allow":["GET"]}}],"collection":[{"href":"https:\/\/www.rotadoamanha.com\/en\/wp-json\/wp\/v2\/pages"}],"about":[{"href":"https:\/\/www.rotadoamanha.com\/en\/wp-json\/wp\/v2\/types\/page"}],"author":[{"embeddable":true,"href":"https:\/\/www.rotadoamanha.com\/en\/wp-json\/wp\/v2\/users\/1"}],"replies":[{"embeddable":true,"href":"https:\/\/www.rotadoamanha.com\/en\/wp-json\/wp\/v2\/comments?post=1015"}],"version-history":[{"count":5,"href":"https:\/\/www.rotadoamanha.com\/en\/wp-json\/wp\/v2\/pages\/1015\/revisions"}],"predecessor-version":[{"id":9070,"href":"https:\/\/www.rotadoamanha.com\/en\/wp-json\/wp\/v2\/pages\/1015\/revisions\/9070"}],"wp:attachment":[{"href":"https:\/\/www.rotadoamanha.com\/en\/wp-json\/wp\/v2\/media?parent=1015"}],"curies":[{"name":"wp","href":"https:\/\/api.w.org\/{rel}","templated":true}]}}